{"id":2620,"date":"2023-04-09T22:58:09","date_gmt":"2023-04-09T22:58:09","guid":{"rendered":"https:\/\/bunaj.al\/?page_id=2620"},"modified":"2024-07-29T15:11:56","modified_gmt":"2024-07-29T15:11:56","slug":"contact","status":"publish","type":"page","link":"https:\/\/bunaj.al\/en\/contact\/","title":{"rendered":"Contact"},"content":{"rendered":"\t\t<div data-elementor-type=\"wp-page\" data-elementor-id=\"2620\" class=\"elementor elementor-2620 elementor-814\">\n\t\t\t\t\t\t\t\t\t<section class=\"elementor-section elementor-top-section elementor-element elementor-element-38af06da elementor-section-stretched elementor-section-height-min-height elementor-section-boxed elementor-section-height-default elementor-section-items-middle\" data-id=\"38af06da\" data-element_type=\"section\" data-settings=\"{&quot;stretch_section&quot;:&quot;section-stretched&quot;,&quot;background_background&quot;:&quot;classic&quot;}\">\n\t\t\t\t\t\t\t<div class=\"elementor-background-overlay\"><\/div>\n\t\t\t\t\t\t\t<div class=\"elementor-container elementor-column-gap-default\">\n\t\t\t\t\t<div class=\"elementor-column elementor-col-100 elementor-top-column elementor-element elementor-element-70d9364c\" data-id=\"70d9364c\" data-element_type=\"column\">\n\t\t\t<div class=\"elementor-widget-wrap elementor-element-populated\">\n\t\t\t\t\t\t\t\t<div class=\"elementor-element elementor-element-afb970e elementor-widget elementor-widget-heading\" data-id=\"afb970e\" data-element_type=\"widget\" data-widget_type=\"heading.default\">\n\t\t\t\t<div class=\"elementor-widget-container\">\n\t\t\t<style>\/*! elementor - v3.12.1 - 02-04-2023 *\/\n.elementor-heading-title{padding:0;margin:0;line-height:1}.elementor-widget-heading .elementor-heading-title[class*=elementor-size-]>a{color:inherit;font-size:inherit;line-height:inherit}.elementor-widget-heading .elementor-heading-title.elementor-size-small{font-size:15px}.elementor-widget-heading .elementor-heading-title.elementor-size-medium{font-size:19px}.elementor-widget-heading .elementor-heading-title.elementor-size-large{font-size:29px}.elementor-widget-heading .elementor-heading-title.elementor-size-xl{font-size:39px}.elementor-widget-heading .elementor-heading-title.elementor-size-xxl{font-size:59px}<\/style><h2 class=\"elementor-heading-title elementor-size-default\">CONTACT US\n<\/h2>\t\t<\/div>\n\t\t\t\t<\/div>\n\t\t\t\t<div class=\"elementor-element elementor-element-ec6083d elementor-widget elementor-widget-heading\" data-id=\"ec6083d\" data-element_type=\"widget\" data-widget_type=\"heading.default\">\n\t\t\t\t<div class=\"elementor-widget-container\">\n\t\t\t<h2 class=\"elementor-heading-title elementor-size-default\">Bunaj Law Firm   \/ Contact<\/h2>\t\t<\/div>\n\t\t\t\t<\/div>\n\t\t\t\t\t<\/div>\n\t\t<\/div>\n\t\t\t\t\t\t\t<\/div>\n\t\t<\/section>\n\t\t\t\t<section class=\"elementor-section elementor-top-section elementor-element elementor-element-6872e7ee elementor-section-content-top elementor-section-boxed elementor-section-height-default elementor-section-height-default\" data-id=\"6872e7ee\" data-element_type=\"section\" id=\"contact\">\n\t\t\t\t\t\t<div class=\"elementor-container elementor-column-gap-default\">\n\t\t\t\t\t<div class=\"elementor-column elementor-col-33 elementor-top-column elementor-element elementor-element-227665cf\" data-id=\"227665cf\" data-element_type=\"column\">\n\t\t\t<div class=\"elementor-widget-wrap elementor-element-populated\">\n\t\t\t\t\t\t\t\t<div class=\"elementor-element elementor-element-65a1503 elementor-position-left elementor-vertical-align-middle elementor-view-default elementor-mobile-position-top elementor-widget elementor-widget-icon-box\" data-id=\"65a1503\" data-element_type=\"widget\" data-widget_type=\"icon-box.default\">\n\t\t\t\t<div class=\"elementor-widget-container\">\n\t\t\t<link rel=\"stylesheet\" href=\"https:\/\/bunaj.al\/wp-content\/plugins\/elementor\/assets\/css\/widget-icon-box.min.css\">\t\t<div class=\"elementor-icon-box-wrapper\">\n\t\t\t\t\t\t<div class=\"elementor-icon-box-icon\">\n\t\t\t\t<a class=\"elementor-icon elementor-animation-wobble-vertical\" href=\"tel:+355%2068%2028%2088%20314\">\n\t\t\t\t<i aria-hidden=\"true\" class=\"fas fa-phone-alt\"><\/i>\t\t\t\t<\/a>\n\t\t\t<\/div>\n\t\t\t\t\t\t<div class=\"elementor-icon-box-content\">\n\t\t\t\t<h3 class=\"elementor-icon-box-title\">\n\t\t\t\t\t<a href=\"tel:+355%2068%2028%2088%20314\" >\n\t\t\t\t\t\tPHONE\t\t\t\t\t<\/a>\n\t\t\t\t<\/h3>\n\t\t\t\t\t\t\t\t\t<p class=\"elementor-icon-box-description\">\n\t\t\t\t\t\t+355 68 28 88 314\t\t\t\t\t<\/p>\n\t\t\t\t\t\t\t<\/div>\n\t\t<\/div>\n\t\t\t\t<\/div>\n\t\t\t\t<\/div>\n\t\t\t\t\t<\/div>\n\t\t<\/div>\n\t\t\t\t<div class=\"elementor-column elementor-col-33 elementor-top-column elementor-element elementor-element-7b81b54e\" data-id=\"7b81b54e\" data-element_type=\"column\">\n\t\t\t<div class=\"elementor-widget-wrap elementor-element-populated\">\n\t\t\t\t\t\t\t\t<div class=\"elementor-element elementor-element-3bb7c08 elementor-view-default elementor-vertical-align-top elementor-widget elementor-widget-icon-box\" data-id=\"3bb7c08\" data-element_type=\"widget\" data-widget_type=\"icon-box.default\">\n\t\t\t\t<div class=\"elementor-widget-container\">\n\t\t\t\t\t<div class=\"elementor-icon-box-wrapper\">\n\t\t\t\t\t\t<div class=\"elementor-icon-box-content\">\n\t\t\t\t<h3 class=\"elementor-icon-box-title\">\n\t\t\t\t\t<span  >\n\t\t\t\t\t\t\t\t\t\t\t<\/span>\n\t\t\t\t<\/h3>\n\t\t\t\t\t\t\t<\/div>\n\t\t<\/div>\n\t\t\t\t<\/div>\n\t\t\t\t<\/div>\n\t\t\t\t\t<\/div>\n\t\t<\/div>\n\t\t\t\t<div class=\"elementor-column elementor-col-33 elementor-top-column elementor-element elementor-element-478ba578\" data-id=\"478ba578\" data-element_type=\"column\">\n\t\t\t<div class=\"elementor-widget-wrap elementor-element-populated\">\n\t\t\t\t\t\t\t\t<div class=\"elementor-element elementor-element-24e61111 elementor-position-left elementor-vertical-align-middle elementor-view-default elementor-mobile-position-top elementor-widget elementor-widget-icon-box\" data-id=\"24e61111\" data-element_type=\"widget\" data-widget_type=\"icon-box.default\">\n\t\t\t\t<div class=\"elementor-widget-container\">\n\t\t\t\t\t<div class=\"elementor-icon-box-wrapper\">\n\t\t\t\t\t\t<div class=\"elementor-icon-box-icon\">\n\t\t\t\t<a class=\"elementor-icon elementor-animation-wobble-vertical\" href=\"mailto:contact@bunaj.al\">\n\t\t\t\t<i aria-hidden=\"true\" class=\"far fa-envelope\"><\/i>\t\t\t\t<\/a>\n\t\t\t<\/div>\n\t\t\t\t\t\t<div class=\"elementor-icon-box-content\">\n\t\t\t\t<h3 class=\"elementor-icon-box-title\">\n\t\t\t\t\t<a href=\"mailto:contact@bunaj.al\" >\n\t\t\t\t\t\tEMAIL\t\t\t\t\t<\/a>\n\t\t\t\t<\/h3>\n\t\t\t\t\t\t\t\t\t<p class=\"elementor-icon-box-description\">\n\t\t\t\t\t\tcontact@bunaj.al\t\t\t\t\t<\/p>\n\t\t\t\t\t\t\t<\/div>\n\t\t<\/div>\n\t\t\t\t<\/div>\n\t\t\t\t<\/div>\n\t\t\t\t\t<\/div>\n\t\t<\/div>\n\t\t\t\t\t\t\t<\/div>\n\t\t<\/section>\n\t\t\t\t<section class=\"elementor-section elementor-top-section elementor-element elementor-element-1f9d0bc elementor-section-boxed elementor-section-height-default elementor-section-height-default\" data-id=\"1f9d0bc\" data-element_type=\"section\">\n\t\t\t\t\t\t<div class=\"elementor-container elementor-column-gap-default\">\n\t\t\t\t\t<div class=\"elementor-column elementor-col-100 elementor-top-column elementor-element elementor-element-20642dd\" data-id=\"20642dd\" data-element_type=\"column\">\n\t\t\t<div class=\"elementor-widget-wrap elementor-element-populated\">\n\t\t\t\t\t\t\t\t<div class=\"elementor-element elementor-element-c5515e6 elementor-widget elementor-widget-eael-adv-tabs\" data-id=\"c5515e6\" data-element_type=\"widget\" data-widget_type=\"eael-adv-tabs.default\">\n\t\t\t\t<div class=\"elementor-widget-container\">\n\t\t\t        <div id=\"eael-advance-tabs-c5515e6\" class=\"eael-advance-tabs eael-tabs-horizontal eael-tab-auto-active\" data-tabid=\"c5515e6\">\n            <div class=\"eael-tabs-nav\">\n                <ul class=\"eael-tab-inline-icon\">\n                                            <li id=\"tiran\" class=\"inactive eael-tab-item-trigger\" aria-selected=\"true\" data-tab=\"1\" role=\"tab\" tabindex=\"0\" aria-controls=\"tiran-tab\" aria-expanded=\"false\">\n                            \n                                                                <i class=\"fas fa-map-marker-alt\"><\/i>                                                            \n                                                            <span class=\"eael-tab-title  title-after-icon\">Tiran\u00eb<\/span>                            \n                                                    <\/li>\n                                            <li id=\"lezh\" class=\"inactive eael-tab-item-trigger\" aria-selected=\"false\" data-tab=\"2\" role=\"tab\" tabindex=\"-1\" aria-controls=\"lezh-tab\" aria-expanded=\"false\">\n                            \n                                                                <i class=\"fas fa-map-marker-alt\"><\/i>                                                            \n                                                            <span class=\"eael-tab-title  title-after-icon\">Lezh\u00eb<\/span>                            \n                                                    <\/li>\n                                            <li id=\"la\" class=\"inactive eael-tab-item-trigger\" aria-selected=\"false\" data-tab=\"3\" role=\"tab\" tabindex=\"-1\" aria-controls=\"la-tab\" aria-expanded=\"false\">\n                            \n                                                                <i class=\"fas fa-map-marker-alt\"><\/i>                                                            \n                                                            <span class=\"eael-tab-title  title-after-icon\">La\u00e7<\/span>                            \n                                                    <\/li>\n                                    <\/ul>\n            <\/div>\n            \n            <div class=\"eael-tabs-content\">\n\t\t        \n                    <div id=\"tiran-tab\" class=\"clearfix eael-tab-content-item inactive\" data-title-link=\"tiran-tab\">\n\t\t\t\t        \t\t\t\t\t        <p style=\"text-align: center;\">Rruga \"Nexho Konomi\", Kompleksi \"Green city\", Astir, Tiran\u00eb<\/p>\n<iframe loading=\"lazy\" style=\"border: 0;\" src=\"https:\/\/www.google.com\/maps\/embed?pb=!1m18!1m12!1m3!1d2995.9452770857956!2d19.784915476564045!3d41.33180329944035!2m3!1f0!2f0!3f0!3m2!1i1024!2i768!4f13.1!3m3!1m2!1s0x135031b73fdf0f21%3A0x6f5c47b4c539ec49!2sRruga%20Nexho%20Konomi%2018%2C%20Tirana%2C%20Albania!5e0!3m2!1sen!2s!4v1716368246457!5m2!1sen!2s\" width=\"100%\" height=\"450\" allowfullscreen=\"allowfullscreen\"><\/iframe><\/p>\n\n<div id=\"simple-translate\" class=\"simple-translate-system-theme\">\n<div>\n<div class=\"simple-translate-button isShow\" style=\"background-image: url('chrome-extension:\/\/ibplnjkanclpjokhdolnendpplpjiace\/icons\/512.png'); height: 22px; width: 22px; top: 34px; left: 9px;\"><\/div>\n<div class=\"simple-translate-panel \" style=\"width: 300px; height: 200px; top: 0px; left: 0px; font-size: 13px;\">\n<div class=\"simple-translate-result-wrapper\" style=\"overflow: hidden;\">\n<div class=\"simple-translate-move\" draggable=\"true\"><\/div>\n<div class=\"simple-translate-result-contents\">\n<p class=\"simple-translate-result\" dir=\"auto\"><\/p>\n<p class=\"simple-translate-candidate\" dir=\"auto\"><\/p>\n\n<\/div>\n<\/div>\n<\/div>\n<\/div>\n<\/div>\t\t\t\t                            <\/div>\n\t\t        \n                    <div id=\"lezh-tab\" class=\"clearfix eael-tab-content-item inactive\" data-title-link=\"lezh-tab\">\n\t\t\t\t        \t\t\t\t\t        <p style=\"text-align: center;\">Gjykata e Shkall\u00ebs s\u00eb Par\u00eb t\u00eb Juridiksionit t\u00eb P\u00ebrgjithsh\u00ebm Lezh\u00eb, Adresa: Bulevardi \"Gjergj Fishta\", Lezh\u00eb<\/p>\n<iframe loading=\"lazy\" style=\"border: 0;\" src=\"https:\/\/www.google.com\/maps\/embed?pb=!1m18!1m12!1m3!1d2975.1086998451688!2d19.641240976580914!3d41.78287097137032!2m3!1f0!2f0!3f0!3m2!1i1024!2i768!4f13.1!3m3!1m2!1s0x1351e0a4eff5ece1%3A0xb510d02acb994d2!2sBulevardi%20Gjergj%20Fishta%2C%20Lezh%C3%AB%2C%20Albania!5e0!3m2!1sen!2s!4v1716368489862!5m2!1sen!2s\" width=\"100%\" height=\"450\" allowfullscreen=\"allowfullscreen\"><\/iframe>\t\t\t\t                            <\/div>\n\t\t        \n                    <div id=\"la-tab\" class=\"clearfix eael-tab-content-item inactive\" data-title-link=\"la-tab\">\n\t\t\t\t        \t\t\t\t\t        <p style=\"text-align: center;\">Gjykata e Rrethit Gjyq\u00ebsor Kurbin, Godina Imperial, Kati 2, Bashkia Kurbin\u00a0<\/p><p><iframe loading=\"lazy\" style=\"border: 0;\" src=\"https:\/\/www.google.com\/maps\/embed?pb=!1m18!1m12!1m3!1d767045.6732861645!2d18.986805891545902!3d41.32469485158732!2m3!1f0!2f0!3f0!3m2!1i1024!2i768!4f13.1!3m3!1m2!1s0x1351daff2bfd91d5%3A0xbcc1c5cb1f0efe3d!2sGjykata%20e%20Rrethit%20Kurbin!5e0!3m2!1sen!2s!4v1716368426260!5m2!1sen!2s\" width=\"100%\" height=\"450\" allowfullscreen=\"allowfullscreen\"><\/iframe><\/p><div id=\"simple-translate\" class=\"simple-translate-system-theme\"><div><div class=\"simple-translate-button isShow\" style=\"background-image: url('chrome-extension:\/\/ibplnjkanclpjokhdolnendpplpjiace\/icons\/512.png'); height: 22px; width: 22px; top: 27px; left: 7px;\">\u00a0<\/div><div class=\"simple-translate-panel \" style=\"width: 300px; height: 200px; top: 0px; left: 0px; font-size: 13px;\"><div class=\"simple-translate-result-wrapper\" style=\"overflow: hidden;\"><div class=\"simple-translate-move\" draggable=\"true\">\u00a0<\/div><div class=\"simple-translate-result-contents\"><p class=\"simple-translate-result\" dir=\"auto\">\u00a0<\/p><p class=\"simple-translate-candidate\" dir=\"auto\">\u00a0<\/p><\/div><\/div><\/div><\/div><\/div>\t\t\t\t                            <\/div>\n\t\t                    <\/div>\n        <\/div>\n\t\t<\/div>\n\t\t\t\t<\/div>\n\t\t\t\t\t<\/div>\n\t\t<\/div>\n\t\t\t\t\t\t\t<\/div>\n\t\t<\/section>\n\t\t\t\t<section class=\"elementor-section elementor-top-section elementor-element elementor-element-3510923 elementor-section-boxed elementor-section-height-default elementor-section-height-default\" data-id=\"3510923\" data-element_type=\"section\">\n\t\t\t\t\t\t<div class=\"elementor-container elementor-column-gap-default\">\n\t\t\t\t\t<div class=\"elementor-column elementor-col-100 elementor-top-column elementor-element elementor-element-6943dbf\" data-id=\"6943dbf\" data-element_type=\"column\">\n\t\t\t<div class=\"elementor-widget-wrap elementor-element-populated\">\n\t\t\t\t\t\t\t\t<div class=\"elementor-element elementor-element-69adce6 elementor-widget elementor-widget-heading\" data-id=\"69adce6\" data-element_type=\"widget\" data-widget_type=\"heading.default\">\n\t\t\t\t<div class=\"elementor-widget-container\">\n\t\t\t<h3 class=\"elementor-heading-title elementor-size-default\">CONTACT US<\/h3>\t\t<\/div>\n\t\t\t\t<\/div>\n\t\t\t\t<div class=\"elementor-element elementor-element-5032eea elementor-widget elementor-widget-heading\" data-id=\"5032eea\" data-element_type=\"widget\" data-widget_type=\"heading.default\">\n\t\t\t\t<div class=\"elementor-widget-container\">\n\t\t\t<h2 class=\"elementor-heading-title elementor-size-default\">How can we help you? <\/h2>\t\t<\/div>\n\t\t\t\t<\/div>\n\t\t\t\t<div class=\"elementor-element elementor-element-814eb77 elementor-widget elementor-widget-shortcode\" data-id=\"814eb77\" data-element_type=\"widget\" data-widget_type=\"shortcode.default\">\n\t\t\t\t<div class=\"elementor-widget-container\">\n\t\t\t\t\t<div class=\"elementor-shortcode\">\n<div class=\"wpcf7 no-js\" id=\"wpcf7-f3254-o1\" lang=\"en-US\" dir=\"ltr\">\n<div class=\"screen-reader-response\"><p role=\"status\" aria-live=\"polite\" aria-atomic=\"true\"><\/p> <ul><\/ul><\/div>\n<form action=\"\/en\/wp-json\/wp\/v2\/pages\/2620#wpcf7-f3254-o1\" method=\"post\" class=\"wpcf7-form init\" aria-label=\"Contact form\" novalidate=\"novalidate\" data-status=\"init\">\n<div style=\"display: none;\">\n<input type=\"hidden\" name=\"_wpcf7\" value=\"3254\" \/>\n<input type=\"hidden\" name=\"_wpcf7_version\" value=\"5.7.5.1\" \/>\n<input type=\"hidden\" name=\"_wpcf7_locale\" value=\"en_US\" \/>\n<input type=\"hidden\" name=\"_wpcf7_unit_tag\" value=\"wpcf7-f3254-o1\" \/>\n<input type=\"hidden\" name=\"_wpcf7_container_post\" value=\"0\" \/>\n<input type=\"hidden\" name=\"_wpcf7_posted_data_hash\" value=\"\" \/>\n<\/div>\n<div style=\"clear:both\">\n\t<div style=\"width:49%; float:left; padding-bottom: 15px;\">\n\t\t<p><span class=\"wpcf7-form-control-wrap\" data-name=\"emer\"><input size=\"40\" class=\"wpcf7-form-control wpcf7-text wpcf7-validates-as-required\" aria-required=\"true\" aria-invalid=\"false\" placeholder=\"Name\" value=\"\" type=\"text\" name=\"emer\" \/><\/span>\n\t\t<\/p>\n\t<\/div>\n\t<div style=\"width:49%; float:right; padding-bottom: 15px;\">\n\t\t<p><span class=\"wpcf7-form-control-wrap\" data-name=\"mbiemer\"><input size=\"40\" class=\"wpcf7-form-control wpcf7-text wpcf7-validates-as-required\" aria-required=\"true\" aria-invalid=\"false\" placeholder=\"Surname\" value=\"\" type=\"text\" name=\"mbiemer\" \/><\/span>\n\t\t<\/p>\n\t<\/div>\n<\/div>\n<div style=\"clear:both\">\n\t<div style=\"width:49%; float:left; padding-bottom: 15px;\">\n\t\t<p><span class=\"wpcf7-form-control-wrap\" data-name=\"mail\"><input size=\"40\" class=\"wpcf7-form-control wpcf7-text wpcf7-email wpcf7-validates-as-email\" aria-invalid=\"false\" placeholder=\"Email\" value=\"\" type=\"email\" name=\"mail\" \/><\/span>\n\t\t<\/p>\n\t<\/div>\n\t<div style=\"width:49%; float:right; padding-bottom: 15px;\">\n\t\t<p><span class=\"wpcf7-form-control-wrap\" data-name=\"celulari\"><input size=\"40\" class=\"wpcf7-form-control wpcf7-text wpcf7-tel wpcf7-validates-as-required wpcf7-validates-as-tel\" aria-required=\"true\" aria-invalid=\"false\" placeholder=\"Phone\" value=\"\" type=\"tel\" name=\"celulari\" \/><\/span>\n\t\t<\/p>\n\t<\/div>\n<\/div>\n<div style=\"clear:both\">\n\t<div style=\"width:100%; float:left; padding-bottom: 15px;\">\n\t\t<p><span class=\"wpcf7-form-control-wrap\" data-name=\"your-message\"><textarea cols=\"40\" rows=\"10\" class=\"wpcf7-form-control wpcf7-textarea\" aria-invalid=\"false\" placeholder=\"Message\" name=\"your-message\"><\/textarea><\/span>\n\t\t<\/p>\n\t<\/div>\n<\/div>\n<div style=\"text align:center; color:#FFF;\">\n\t<p><input class=\"wpcf7-form-control has-spinner wpcf7-submit\" type=\"submit\" value=\"Submit\" \/>\n\t<\/p>\n<\/div><div class=\"wpcf7-response-output\" aria-hidden=\"true\"><\/div>\n<\/form>\n<\/div>\n<\/div>\n\t\t\t\t<\/div>\n\t\t\t\t<\/div>\n\t\t\t\t\t<\/div>\n\t\t<\/div>\n\t\t\t\t\t\t\t<\/div>\n\t\t<\/section>\n\t\t\t\t\t\t\t<\/div>\n\t\t","protected":false},"excerpt":{"rendered":"<p>CONTACT US Bunaj Law Firm \/ Contact PHONE +355 68 28 88 314 EMAIL contact@bunaj.al Tiran\u00eb Lezh\u00eb La\u00e7 Rruga &#8220;Nexho Konomi&#8221;, Kompleksi &#8220;Green city&#8221;, Astir, Tiran\u00eb Gjykata e Shkall\u00ebs s\u00eb Par\u00eb t\u00eb Juridiksionit t\u00eb P\u00ebrgjithsh\u00ebm Lezh\u00eb, Adresa: Bulevardi &#8220;Gjergj Fishta&#8221;, Lezh\u00eb Gjykata e Rrethit Gjyq\u00ebsor Kurbin, Godina Imperial, Kati 2, Bashkia Kurbin\u00a0 \u00a0\u00a0 \u00a0 \u00a0 [&hellip;]<\/p>\n","protected":false},"author":1,"featured_media":0,"parent":0,"menu_order":0,"comment_status":"closed","ping_status":"closed","template":"","meta":{"_joinchat":[],"footnotes":""},"class_list":["post-2620","page","type-page","status-publish","hentry"],"yoast_head":"<!-- This site is optimized with the Yoast SEO plugin v23.1 - https:\/\/yoast.com\/wordpress\/plugins\/seo\/ -->\n<title>Contact - Bunaj Studio Ligjore<\/title>\n<meta name=\"robots\" content=\"index, follow, max-snippet:-1, max-image-preview:large, max-video-preview:-1\" \/>\n<link rel=\"canonical\" href=\"https:\/\/bunaj.al\/en\/contact\/\" \/>\n<meta property=\"og:locale\" content=\"en_US\" \/>\n<meta property=\"og:type\" content=\"article\" \/>\n<meta property=\"og:title\" content=\"Contact - Bunaj Studio Ligjore\" \/>\n<meta property=\"og:description\" content=\"CONTACT US Bunaj Law Firm \/ Contact PHONE +355 68 28 88 314 EMAIL contact@bunaj.al Tiran\u00eb Lezh\u00eb La\u00e7 Rruga &#8220;Nexho Konomi&#8221;, Kompleksi &#8220;Green city&#8221;, Astir, Tiran\u00eb Gjykata e Shkall\u00ebs s\u00eb Par\u00eb t\u00eb Juridiksionit t\u00eb P\u00ebrgjithsh\u00ebm Lezh\u00eb, Adresa: Bulevardi &#8220;Gjergj Fishta&#8221;, Lezh\u00eb Gjykata e Rrethit Gjyq\u00ebsor Kurbin, Godina Imperial, Kati 2, Bashkia Kurbin\u00a0 \u00a0\u00a0 \u00a0 \u00a0 [&hellip;]\" \/>\n<meta property=\"og:url\" content=\"https:\/\/bunaj.al\/en\/contact\/\" \/>\n<meta property=\"og:site_name\" content=\"Bunaj Studio Ligjore\" \/>\n<meta property=\"article:modified_time\" content=\"2024-07-29T15:11:56+00:00\" \/>\n<meta name=\"twitter:card\" content=\"summary_large_image\" \/>\n<meta name=\"twitter:label1\" content=\"Est. reading time\" \/>\n\t<meta name=\"twitter:data1\" content=\"1 minute\" \/>\n<script type=\"application\/ld+json\" class=\"yoast-schema-graph\">{\"@context\":\"https:\/\/schema.org\",\"@graph\":[{\"@type\":\"WebPage\",\"@id\":\"https:\/\/bunaj.al\/en\/contact\/\",\"url\":\"https:\/\/bunaj.al\/en\/contact\/\",\"name\":\"Contact - Bunaj Studio Ligjore\",\"isPartOf\":{\"@id\":\"https:\/\/bunaj.al\/en\/#website\"},\"datePublished\":\"2023-04-09T22:58:09+00:00\",\"dateModified\":\"2024-07-29T15:11:56+00:00\",\"breadcrumb\":{\"@id\":\"https:\/\/bunaj.al\/en\/contact\/#breadcrumb\"},\"inLanguage\":\"en-US\",\"potentialAction\":[{\"@type\":\"ReadAction\",\"target\":[\"https:\/\/bunaj.al\/en\/contact\/\"]}]},{\"@type\":\"BreadcrumbList\",\"@id\":\"https:\/\/bunaj.al\/en\/contact\/#breadcrumb\",\"itemListElement\":[{\"@type\":\"ListItem\",\"position\":1,\"name\":\"Home\",\"item\":\"https:\/\/bunaj.al\/en\/\"},{\"@type\":\"ListItem\",\"position\":2,\"name\":\"Contact\"}]},{\"@type\":\"WebSite\",\"@id\":\"https:\/\/bunaj.al\/en\/#website\",\"url\":\"https:\/\/bunaj.al\/en\/\",\"name\":\"Bunaj Studio Ligjore\",\"description\":\"\",\"publisher\":{\"@id\":\"https:\/\/bunaj.al\/en\/#organization\"},\"potentialAction\":[{\"@type\":\"SearchAction\",\"target\":{\"@type\":\"EntryPoint\",\"urlTemplate\":\"https:\/\/bunaj.al\/en\/?s={search_term_string}\"},\"query-input\":\"required name=search_term_string\"}],\"inLanguage\":\"en-US\"},{\"@type\":\"Organization\",\"@id\":\"https:\/\/bunaj.al\/en\/#organization\",\"name\":\"Bunaj Studio Ligjore\",\"url\":\"https:\/\/bunaj.al\/en\/\",\"logo\":{\"@type\":\"ImageObject\",\"inLanguage\":\"en-US\",\"@id\":\"https:\/\/bunaj.al\/en\/#\/schema\/logo\/image\/\",\"url\":\"https:\/\/bunaj.al\/wp-content\/uploads\/2023\/04\/Bunaj-Studio-ligjore-logo.svg\",\"contentUrl\":\"https:\/\/bunaj.al\/wp-content\/uploads\/2023\/04\/Bunaj-Studio-ligjore-logo.svg\",\"width\":404,\"height\":132,\"caption\":\"Bunaj Studio Ligjore\"},\"image\":{\"@id\":\"https:\/\/bunaj.al\/en\/#\/schema\/logo\/image\/\"}}]}<\/script>\n<!-- \/ Yoast SEO plugin. -->","yoast_head_json":{"title":"Contact - Bunaj Studio Ligjore","robots":{"index":"index","follow":"follow","max-snippet":"max-snippet:-1","max-image-preview":"max-image-preview:large","max-video-preview":"max-video-preview:-1"},"canonical":"https:\/\/bunaj.al\/en\/contact\/","og_locale":"en_US","og_type":"article","og_title":"Contact - Bunaj Studio Ligjore","og_description":"CONTACT US Bunaj Law Firm \/ Contact PHONE +355 68 28 88 314 EMAIL contact@bunaj.al Tiran\u00eb Lezh\u00eb La\u00e7 Rruga &#8220;Nexho Konomi&#8221;, Kompleksi &#8220;Green city&#8221;, Astir, Tiran\u00eb Gjykata e Shkall\u00ebs s\u00eb Par\u00eb t\u00eb Juridiksionit t\u00eb P\u00ebrgjithsh\u00ebm Lezh\u00eb, Adresa: Bulevardi &#8220;Gjergj Fishta&#8221;, Lezh\u00eb Gjykata e Rrethit Gjyq\u00ebsor Kurbin, Godina Imperial, Kati 2, Bashkia Kurbin\u00a0 \u00a0\u00a0 \u00a0 \u00a0 [&hellip;]","og_url":"https:\/\/bunaj.al\/en\/contact\/","og_site_name":"Bunaj Studio Ligjore","article_modified_time":"2024-07-29T15:11:56+00:00","twitter_card":"summary_large_image","twitter_misc":{"Est. reading time":"1 minute"},"schema":{"@context":"https:\/\/schema.org","@graph":[{"@type":"WebPage","@id":"https:\/\/bunaj.al\/en\/contact\/","url":"https:\/\/bunaj.al\/en\/contact\/","name":"Contact - Bunaj Studio Ligjore","isPartOf":{"@id":"https:\/\/bunaj.al\/en\/#website"},"datePublished":"2023-04-09T22:58:09+00:00","dateModified":"2024-07-29T15:11:56+00:00","breadcrumb":{"@id":"https:\/\/bunaj.al\/en\/contact\/#breadcrumb"},"inLanguage":"en-US","potentialAction":[{"@type":"ReadAction","target":["https:\/\/bunaj.al\/en\/contact\/"]}]},{"@type":"BreadcrumbList","@id":"https:\/\/bunaj.al\/en\/contact\/#breadcrumb","itemListElement":[{"@type":"ListItem","position":1,"name":"Home","item":"https:\/\/bunaj.al\/en\/"},{"@type":"ListItem","position":2,"name":"Contact"}]},{"@type":"WebSite","@id":"https:\/\/bunaj.al\/en\/#website","url":"https:\/\/bunaj.al\/en\/","name":"Bunaj Studio Ligjore","description":"","publisher":{"@id":"https:\/\/bunaj.al\/en\/#organization"},"potentialAction":[{"@type":"SearchAction","target":{"@type":"EntryPoint","urlTemplate":"https:\/\/bunaj.al\/en\/?s={search_term_string}"},"query-input":"required name=search_term_string"}],"inLanguage":"en-US"},{"@type":"Organization","@id":"https:\/\/bunaj.al\/en\/#organization","name":"Bunaj Studio Ligjore","url":"https:\/\/bunaj.al\/en\/","logo":{"@type":"ImageObject","inLanguage":"en-US","@id":"https:\/\/bunaj.al\/en\/#\/schema\/logo\/image\/","url":"https:\/\/bunaj.al\/wp-content\/uploads\/2023\/04\/Bunaj-Studio-ligjore-logo.svg","contentUrl":"https:\/\/bunaj.al\/wp-content\/uploads\/2023\/04\/Bunaj-Studio-ligjore-logo.svg","width":404,"height":132,"caption":"Bunaj Studio Ligjore"},"image":{"@id":"https:\/\/bunaj.al\/en\/#\/schema\/logo\/image\/"}}]}},"_links":{"self":[{"href":"https:\/\/bunaj.al\/en\/wp-json\/wp\/v2\/pages\/2620","targetHints":{"allow":["GET"]}}],"collection":[{"href":"https:\/\/bunaj.al\/en\/wp-json\/wp\/v2\/pages"}],"about":[{"href":"https:\/\/bunaj.al\/en\/wp-json\/wp\/v2\/types\/page"}],"author":[{"embeddable":true,"href":"https:\/\/bunaj.al\/en\/wp-json\/wp\/v2\/users\/1"}],"replies":[{"embeddable":true,"href":"https:\/\/bunaj.al\/en\/wp-json\/wp\/v2\/comments?post=2620"}],"version-history":[{"count":10,"href":"https:\/\/bunaj.al\/en\/wp-json\/wp\/v2\/pages\/2620\/revisions"}],"predecessor-version":[{"id":3257,"href":"https:\/\/bunaj.al\/en\/wp-json\/wp\/v2\/pages\/2620\/revisions\/3257"}],"wp:attachment":[{"href":"https:\/\/bunaj.al\/en\/wp-json\/wp\/v2\/media?parent=2620"}],"curies":[{"name":"wp","href":"https:\/\/api.w.org\/{rel}","templated":true}]}}